{"id":1935,"date":"2025-04-27T16:45:40","date_gmt":"2025-04-27T16:45:40","guid":{"rendered":"https:\/\/akonzas.com\/?page_id=1935"},"modified":"2025-04-27T17:28:38","modified_gmt":"2025-04-27T17:28:38","slug":"mentions-legales","status":"publish","type":"page","link":"https:\/\/akonzas.com\/en\/mentions-legales\/","title":{"rendered":"Mentions L\u00e9gales"},"content":{"rendered":"<div data-elementor-type=\"wp-page\" data-elementor-id=\"1935\" class=\"elementor elementor-1935\">\n\t\t\t\t<div class=\"elementor-element elementor-element-bca4dc3 e-flex e-con-boxed e-con e-parent\" data-id=\"bca4dc3\" data-element_type=\"container\" data-e-type=\"container\">\n\t\t\t\t\t<div class=\"e-con-inner\">\n\t\t\t\t<div class=\"elementor-element elementor-element-d103903 elementor-widget elementor-widget-elementskit-heading\" data-id=\"d103903\" data-element_type=\"widget\" data-e-type=\"widget\" data-widget_type=\"elementskit-heading.default\">\n\t\t\t\t<div class=\"elementor-widget-container\">\n\t\t\t\t\t<div class=\"ekit-wid-con\" ><div class=\"ekit-heading elementskit-section-title-wraper center   ekit_heading_tablet-   ekit_heading_mobile-\"><h2 class=\"ekit-heading--title elementskit-section-title\"><span><span>Legal Notice<\/span><\/span><\/h2><div class=\"ekit_heading_separetor_wraper ekit_heading_elementskit-border-divider elementskit-style-long\"><div class=\"elementskit-border-divider elementskit-style-long\"><\/div><\/div><\/div><\/div>\t\t\t\t<\/div>\n\t\t\t\t<\/div>\n\t\t\t\t\t<\/div>\n\t\t\t\t<\/div>\n\t\t<div class=\"elementor-element elementor-element-47ad387e e-flex e-con-boxed e-con e-parent\" data-id=\"47ad387e\" data-element_type=\"container\" data-e-type=\"container\">\n\t\t\t\t\t<div class=\"e-con-inner\">\n\t\t\t\t<div class=\"elementor-element elementor-element-26f11e84 elementor-widget elementor-widget-text-editor\" data-id=\"26f11e84\" data-element_type=\"widget\" data-e-type=\"widget\" data-widget_type=\"text-editor.default\">\n\t\t\t\t<div class=\"elementor-widget-container\">\n\t\t\t\t\t\t\t\t\t\n<h3 class=\"wp-block-heading\">1. Pr\u00e9sentation du siteweb.<\/h3>\n\n\n\n<p>Il est pr\u00e9cis\u00e9 aux utilisateurs du site web\u00a0<a href=\"https:\/\/swell-marine.com\/fr\/\" target=\"_blank\" rel=\"noreferrer noopener\"><\/a><a href=\"https:\/\/akonzas.com\/en\/\" target=\"_blank\" rel=\"noopener\" title=\"\">Akonsaz.com<\/a>\u00a0l\u2019identit\u00e9 des diff\u00e9rents intervenants dans le cadre de sa r\u00e9alisation et de son suivi :<\/p>\n\n\n\n<p><strong>Propri\u00e9taire<\/strong>\u00a0: Akonzas SARL \u2013 26 Avenue Mers Sultan Etage 1 Appt N\u00b03 Casablanca, Maroc<br><strong>Cr\u00e9ateur<\/strong>\u00a0:\u00a0Hayame Digitale<br><strong>Responsable de la publication<\/strong>\u00a0: info@akonzas.com<br><strong>Webmaster<\/strong>\u00a0: Hayame Digitale\u2013 hayame.contact@gmail.com<br><strong>H\u00e9bergement<\/strong>\u00a0: Namecheap \u2013\u00a0<em>4600 East Washington Street Suite 305. Phoenix, AZ 85034<\/em><\/p>\n\n\n\n<h3 class=\"wp-block-heading\">2. Conditions g\u00e9n\u00e9rales d\u2019utilisation du site et des services propos\u00e9s.<\/h3>\n\n\n\n<p>L\u2019utilisation du siteweb\u00a0<a href=\"https:\/\/swell-marine.com\/fr\/\" target=\"_blank\" rel=\"noreferrer noopener\"><a href=\"https:\/\/akonzas.com\/en\/\" target=\"_blank\" rel=\"noopener\" title=\"\">Akonsaz.com<\/a><\/a>\u00a0implique l\u2019acceptation pleine et enti\u00e8re des conditions g\u00e9n\u00e9rales d\u2019utilisation ci-apr\u00e8s d\u00e9crites. Ces conditions d\u2019utilisation sont susceptibles d\u2019\u00eatre modifi\u00e9es ou compl\u00e9t\u00e9es \u00e0 tout moment, les utilisateurs du site web\u00a0<a href=\"https:\/\/swell-marine.com\/fr\/\" target=\"_blank\" rel=\"noreferrer noopener\"><a href=\"https:\/\/akonzas.com\/en\/\" target=\"_blank\" rel=\"noopener\" title=\"\">Akonsaz.com<\/a><\/a>\u00a0sont donc invit\u00e9s \u00e0 les consulter de mani\u00e8re r\u00e9guli\u00e8re.<\/p>\n\n\n\n<p>Ce site est normalement accessible \u00e0 tout moment aux utilisateurs. Une interruption pour raison de maintenance technique peut \u00eatre toutefois d\u00e9cid\u00e9e par Akonzas, qui s\u2019efforcera alors de communiquer pr\u00e9alablement aux utilisateurs les dates et heures de l\u2019intervention.<\/p>\n\n\n\n<p><a href=\"https:\/\/swell-marine.com\/fr\/\" target=\"_blank\" rel=\"noreferrer noopener\"><a href=\"https:\/\/akonzas.com\/en\/\" target=\"_blank\" rel=\"noopener\" title=\"\">Akonsaz.com<\/a><\/a>\u00a0se met \u00e0 jour r\u00e9guli\u00e8rement par Hayame Digitale. De la m\u00eame fa\u00e7on, les mentions l\u00e9gales peuvent \u00eatre modifi\u00e9es \u00e0 tout moment : elles s\u2019imposent n\u00e9anmoins \u00e0 l\u2019utilisateur qui est invit\u00e9 \u00e0 s\u2019y r\u00e9f\u00e9rer le plus souvent possible afin d\u2019en prendre connaissance.<\/p>\n\n\n\n<h3 class=\"wp-block-heading\">3. Description des services fournis.<\/h3>\n\n\n\n<p>le but du site web\u00a0<a href=\"https:\/\/swell-marine.com\/fr\/\" target=\"_blank\" rel=\"noreferrer noopener\"><a href=\"https:\/\/akonzas.com\/en\/\" target=\"_blank\" rel=\"noopener\" title=\"\">Akonsaz.com<\/a><\/a>\u00a0a pour objet de fournir une information concernant l\u2019ensemble des activit\u00e9s de la soci\u00e9t\u00e9 Akonzas.<\/p>\n\n\n\n<p>Akonzas s\u2019efforce de fournir sur le site web\u00a0<a href=\"https:\/\/swell-marine.com\/fr\/\" target=\"_blank\" rel=\"noreferrer noopener\"><a href=\"https:\/\/akonzas.com\/en\/\" target=\"_blank\" rel=\"noopener\" title=\"\">Akonsaz.com<\/a><\/a>\u00a0des informations aussi pr\u00e9cises que possible. Toutefois, il ne pourra \u00eatre tenue responsable des omissions, des inexactitudes et des carences dans la mise \u00e0 jour, qu\u2019elles soient de son fait ou du fait des tiers partenaires qui lui fournissent ces informations.<\/p>\n\n\n\n<p>Tous les informations indiqu\u00e9es sur le site web\u00a0<a href=\"https:\/\/swell-marine.com\/fr\/\" target=\"_blank\" rel=\"noreferrer noopener\"><a href=\"https:\/\/akonzas.com\/en\/\" target=\"_blank\" rel=\"noopener\" title=\"\">Akonsaz.com<\/a><\/a>\u00a0sont donn\u00e9es \u00e0 titre indicatif, et sont susceptibles d\u2019\u00e9voluer. Par ailleurs, les renseignements figurant sur le site web\u00a0<a href=\"https:\/\/swell-marine.com\/fr\/\" target=\"_blank\" rel=\"noreferrer noopener\"><a href=\"https:\/\/akonzas.com\/en\/\" target=\"_blank\" rel=\"noopener\" title=\"\">Akonsaz.com<\/a><\/a>\u00a0ne sont pas exhaustifs. Ils sont donn\u00e9s sous r\u00e9serve de modifications ayant \u00e9t\u00e9 apport\u00e9es depuis leur mise en ligne.<\/p>\n\n\n\n<h3 class=\"wp-block-heading\">4. Limitations contractuelles sur les donn\u00e9es techniques.<\/h3>\n\n\n\n<p>Le site utilise la technologie JavaScript.<\/p>\n\n\n\n<p>Le site Internet ne pourra \u00eatre tenu responsable de dommages mat\u00e9riels li\u00e9s \u00e0 l\u2019utilisation du site. De plus, l\u2019utilisateur du site s\u2019engage \u00e0 acc\u00e9der au site en utilisant un mat\u00e9riel r\u00e9cent, ne contenant pas de virus et avec un navigateur de derni\u00e8re g\u00e9n\u00e9ration mis-\u00e0-jour.<\/p>\n\n\n\n<h3 class=\"wp-block-heading\">5. Propri\u00e9t\u00e9 intellectuelle et contrefa\u00e7ons.<\/h3>\n\n\n\n<p>Akonzas est propri\u00e9taire des droits de propri\u00e9t\u00e9 intellectuelle ou d\u00e9tient les droits d\u2019usage sur tous les \u00e9l\u00e9ments accessibles sur le site, notamment les textes, images, graphismes, logo, ic\u00f4nes.<\/p>\n\n\n\n<p>Toute reproduction, repr\u00e9sentation, modification, publication, adaptation de tout ou partie des \u00e9l\u00e9ments du site, quel que soit le moyen ou le proc\u00e9d\u00e9 utilis\u00e9, est interdite, sauf autorisation \u00e9crite pr\u00e9alable de : Akonzas.<\/p>\n\n\n\n<h3 class=\"wp-block-heading\">6. Limitations de responsabilit\u00e9.<\/h3>\n\n\n\n<p>Akonzas ne pourra \u00eatre tenue responsable des dommages directs et indirects caus\u00e9s au mat\u00e9riel de l\u2019utilisateur, lors de l\u2019acc\u00e8s au site web\u00a0<a href=\"https:\/\/swell-marine.com\/fr\/\" target=\"_blank\" rel=\"noreferrer noopener\"><a href=\"https:\/\/akonzas.com\/en\/\" target=\"_blank\" rel=\"noopener\" title=\"\">Akonsaz.com<\/a><\/a>\u00a0, et r\u00e9sultant soit de l\u2019utilisation d\u2019un mat\u00e9riel ne r\u00e9pondant pas aux sp\u00e9cifications limite, soit de l\u2019apparition d\u2019un bug ou d\u2019une incompatibilit\u00e9.<\/p>\n\n\n\n<p>Des espaces interactifs (possibilit\u00e9 de poser des questions dans l\u2019espace contact) sont \u00e0 la disposition des utilisateurs. Akonzas se r\u00e9serve le droit de supprimer, sans mise en demeure pr\u00e9alable, tout contenu d\u00e9pos\u00e9 dans cet espace qui contreviendrait \u00e0 la l\u00e9gislation applicable , en particulier aux dispositions relatives \u00e0 la protection des donn\u00e9es. Le cas \u00e9ch\u00e9ant, Akonzas se r\u00e9serve \u00e9galement la possibilit\u00e9 de mettre en cause la responsabilit\u00e9 civile et\/ou p\u00e9nale de l\u2019utilisateur, notamment en cas de message \u00e0 caract\u00e8re raciste, injurieux, diffamant, ou pornographique, quel que soit le support utilis\u00e9 (texte, photographie\u2026).<\/p>\n\n\n\n<h3 class=\"wp-block-heading\">7. Gestion des donn\u00e9es personnelles.<\/h3>\n\n\n\n<p>A l\u2019occasion de l\u2019utilisation du site web\u00a0<a href=\"https:\/\/swell-marine.com\/fr\/\" target=\"_blank\" rel=\"noreferrer noopener\"><\/a><a href=\"https:\/\/akonzas.com\/en\/\" target=\"_blank\" rel=\"noopener\" title=\"\">Akonsaz.com<\/a>\u00a0,certains informations peuvent \u00eatres recueillies : l\u2019URL des liens par l\u2019interm\u00e9diaire desquels l\u2019utilisateur a acc\u00e9d\u00e9 au site web\u00a0<a href=\"https:\/\/swell-marine.com\/fr\/\" target=\"_blank\" rel=\"noreferrer noopener\"><\/a><a href=\"https:\/\/akonzas.com\/en\/\" target=\"_blank\" rel=\"noopener\" title=\"\">Akonsaz.com<\/a>, le fournisseur d\u2019acc\u00e8s de l\u2019utilisateur, l\u2019adresse (IP) de l\u2019utilisateur.<\/p>\n\n\n\n<p>En tout \u00e9tat de cause Akonzas ne collecte des informations personnelles relatives \u00e0 l\u2019utilisateur que pour le besoin de certains services propos\u00e9s par le site web\u00a0<a href=\"https:\/\/swell-marine.com\/fr\/\" target=\"_blank\" rel=\"noreferrer noopener\"><\/a><a href=\"https:\/\/akonzas.com\/en\/\" target=\"_blank\" rel=\"noopener\" title=\"\">Akonsaz.com<\/a>. L\u2019utilisateur fournit ces informations en toute connaissance de cause, notamment lorsqu\u2019il proc\u00e8de par lui-m\u00eame \u00e0 leur saisie. Il est alors pr\u00e9cis\u00e9 \u00e0 l\u2019utilisateur du site web\u00a0<a href=\"https:\/\/swell-marine.com\/fr\/\" target=\"_blank\" rel=\"noreferrer noopener\"><\/a><a href=\"https:\/\/akonzas.com\/en\/\" target=\"_blank\" rel=\"noopener\" title=\"\">Akonsaz.com<\/a>\u00a0l\u2019obligation ou non de fournir ces informations.<\/p>\n\n\n\n<p>Aucune information personnelle de l\u2019utilisateur du site web\u00a0<a href=\"https:\/\/swell-marine.com\/fr\/\" target=\"_blank\" rel=\"noreferrer noopener\"><\/a><a href=\"https:\/\/akonzas.com\/en\/\" target=\"_blank\" rel=\"noopener\" title=\"\">Akonsaz.com<\/a>\u00a0n\u2019est publi\u00e9e \u00e0 l\u2019insu de l\u2019utilisateur, \u00e9chang\u00e9e, transf\u00e9r\u00e9e, c\u00e9d\u00e9e ou vendue sur un support quelconque \u00e0 des tiers. Seule l\u2019hypoth\u00e8se du rachat de Akonzas et de ses droits permettrait la transmission des dites informations \u00e0 l\u2019\u00e9ventuel acqu\u00e9reur qui serait \u00e0 son tour tenu de la m\u00eame obligation de conservation et de modification des donn\u00e9es vis \u00e0 vis de l\u2019utilisateur du site web.<\/p>\n\n\n\n<h3 class=\"wp-block-heading\">8. Liens hypertextes et cookies.<\/h3>\n\n\n\n<p>La navigation sur le site web\u00a0<a href=\"https:\/\/akonzas.com\/en\/\" target=\"_blank\" rel=\"noopener\" title=\"\">Akonsaz.com<\/a>\u00a0est susceptible de provoquer l\u2019installation de cookie(s) sur l\u2019ordinateur de l\u2019utilisateur. Un cookie est un fichier de petite taille, qui ne permet pas l\u2019identification de l\u2019utilisateur, mais qui enregistre des informations relatives \u00e0 la navigation d\u2019un ordinateur sur un site. Les donn\u00e9es ainsi obtenues visent \u00e0 faciliter la navigation ult\u00e9rieure sur le site, et ont \u00e9galement vocation \u00e0 permettre diverses mesures de fr\u00e9quentation.<\/p>\n\n\n\n<p>Le refus d\u2019installation d\u2019un cookie peut entra\u00eener l\u2019impossibilit\u00e9 d\u2019acc\u00e9der \u00e0 certains services. L\u2019utilisateur peut toutefois configurer son ordinateur de la mani\u00e8re suivante, pour refuser l\u2019installation des cookies :<\/p>\n\n\n\n<p>Sous Internet Explorer : onglet outil (pictogramme en forme de rouage en haut a droite) \/ options internet. Cliquez sur Confidentialit\u00e9 et choisissez Bloquer tous les cookies. Validez sur Ok.<\/p>\n\n\n\n<p>Sous Firefox : en haut de la fen\u00eatre du navigateur, cliquez sur le bouton Firefox, puis aller dans l\u2019onglet Options. Cliquer sur l\u2019onglet Vie priv\u00e9e. Param\u00e9trez les R\u00e8gles de conservation sur : utiliser les param\u00e8tres personnalis\u00e9s pour l\u2019historique. Enfin d\u00e9cochez-la pour d\u00e9sactiver les cookies.<br>utiliser les param\u00e8tres personnalis\u00e9s pour l\u2019historique. Enfin d\u00e9cochez-la pour d\u00e9sactiver les cookies.<\/p>\n\n\n\n<p>Sous Safari : Cliquez en haut \u00e0 droite du navigateur sur le pictogramme de menu (symbolis\u00e9 par un rouage). S\u00e9lectionnez Param\u00e8tres. Cliquez sur Afficher les param\u00e8tres avanc\u00e9s. Dans la section \u00ab Confidentialit\u00e9 \u00bb, cliquez sur Param\u00e8tres de contenu. Dans la section \u00ab Cookies \u00bb, vous pouvez bloquer les cookies.<\/p>\n\n\n\n<p>Sous Chrome : Cliquez en haut \u00e0 droite du navigateur sur le pictogramme de menu (symbolis\u00e9 par trois lignes horizontales). S\u00e9lectionnez Param\u00e8tres. Cliquez sur Afficher les param\u00e8tres avanc\u00e9s. Dans la section \u00ab Confidentialit\u00e9 \u00bb, cliquez sur pr\u00e9f\u00e9rences. Dans l\u2019onglet \u00ab Confidentialit\u00e9 \u00bb, vous pouvez bloquer les cookies<\/p>\n\n\n\n<h3 class=\"wp-block-heading\">9. Droit applicable et attribution de juridiction.<\/h3>\n\n\n\n<p>Tout litige en relation avec l\u2019utilisation du site web\u00a0<a href=\"https:\/\/akonzas.com\/en\/\" target=\"_blank\" rel=\"noopener\" title=\"\">Akonsaz.com<\/a>\u00a0est soumis au droit Marocain.<\/p>\n\n\n\n<p><\/p>\n\t\t\t\t\t\t\t\t<\/div>\n\t\t\t\t<\/div>\n\t\t\t\t\t<\/div>\n\t\t\t\t<\/div>\n\t\t\t\t<\/div>","protected":false},"excerpt":{"rendered":"<p>Mention L\u00e9gales 1. Pr\u00e9sentation du siteweb. Il est pr\u00e9cis\u00e9 aux utilisateurs du site web\u00a0Akonsaz.com\u00a0l\u2019identit\u00e9 des diff\u00e9rents intervenants dans le cadre de sa r\u00e9alisation et de son suivi : Propri\u00e9taire\u00a0: Akonzas SARL \u2013 26 Avenue Mers Sultan Etage 1 Appt N\u00b03 Casablanca, MarocCr\u00e9ateur\u00a0:\u00a0Hayame DigitaleResponsable de la publication\u00a0: info@akonzas.comWebmaster\u00a0: Hayame Digitale\u2013 hayame.contact@gmail.comH\u00e9bergement\u00a0: Namecheap \u2013\u00a04600 East Washington Street [&hellip;]<\/p>\n","protected":false},"author":1,"featured_media":0,"parent":0,"menu_order":0,"comment_status":"closed","ping_status":"closed","template":"elementor_header_footer","meta":{"footnotes":""},"class_list":["post-1935","page","type-page","status-publish","hentry"],"blocksy_meta":[],"aioseo_notices":[],"_links":{"self":[{"href":"https:\/\/akonzas.com\/en\/wp-json\/wp\/v2\/pages\/1935","targetHints":{"allow":["GET"]}}],"collection":[{"href":"https:\/\/akonzas.com\/en\/wp-json\/wp\/v2\/pages"}],"about":[{"href":"https:\/\/akonzas.com\/en\/wp-json\/wp\/v2\/types\/page"}],"author":[{"embeddable":true,"href":"https:\/\/akonzas.com\/en\/wp-json\/wp\/v2\/users\/1"}],"replies":[{"embeddable":true,"href":"https:\/\/akonzas.com\/en\/wp-json\/wp\/v2\/comments?post=1935"}],"version-history":[{"count":6,"href":"https:\/\/akonzas.com\/en\/wp-json\/wp\/v2\/pages\/1935\/revisions"}],"predecessor-version":[{"id":1947,"href":"https:\/\/akonzas.com\/en\/wp-json\/wp\/v2\/pages\/1935\/revisions\/1947"}],"wp:attachment":[{"href":"https:\/\/akonzas.com\/en\/wp-json\/wp\/v2\/media?parent=1935"}],"curies":[{"name":"wp","href":"https:\/\/api.w.org\/{rel}","templated":true}]}}