{"id":1884,"date":"2025-05-13T16:32:15","date_gmt":"2025-05-13T16:32:15","guid":{"rendered":"https:\/\/akonzas.com\/?page_id=1884"},"modified":"2025-05-13T16:39:14","modified_gmt":"2025-05-13T16:39:14","slug":"blog-2","status":"publish","type":"page","link":"https:\/\/akonzas.com\/en\/blog-2\/","title":{"rendered":"Blog"},"content":{"rendered":"\t\t<div data-elementor-type=\"wp-page\" data-elementor-id=\"1884\" class=\"elementor elementor-1884\">\n\t\t\t\t<div class=\"elementor-element elementor-element-1cf9786 e-flex e-con-boxed e-con e-parent\" data-id=\"1cf9786\" data-element_type=\"container\" data-e-type=\"container\">\n\t\t\t\t\t<div class=\"e-con-inner\">\n\t\t<div class=\"elementor-element elementor-element-479824b e-con-full e-flex e-con e-child\" data-id=\"479824b\" data-element_type=\"container\" data-e-type=\"container\" data-settings=\"{&quot;background_background&quot;:&quot;classic&quot;}\">\n\t\t\t\t<div class=\"elementor-element elementor-element-d7e2837 elementor-widget elementor-widget-elementskit-heading\" data-id=\"d7e2837\" data-element_type=\"widget\" data-e-type=\"widget\" data-widget_type=\"elementskit-heading.default\">\n\t\t\t\t<div class=\"elementor-widget-container\">\n\t\t\t\t\t<div class=\"ekit-wid-con\" ><div class=\"ekit-heading elementskit-section-title-wraper center   ekit_heading_tablet-   ekit_heading_mobile-\"><h2 class=\"ekit-heading--title elementskit-section-title \"><span><span>Blog<\/span><\/span><\/h2><h2 class=\"ekit-heading--subtitle elementskit-section-subtitle  \">\n\t\t\t\t\t\tUn accompagnement complet, du sourcing \u00e0 la livraison\n\t\t\t\t\t<\/h2><div class=\"ekit_heading_separetor_wraper ekit_heading_elementskit-border-divider elementskit-style-long\"><div class=\"elementskit-border-divider elementskit-style-long\"><\/div><\/div><\/div><\/div>\t\t\t\t<\/div>\n\t\t\t\t<\/div>\n\t\t\t\t<\/div>\n\t\t\t\t\t<\/div>\n\t\t\t\t<\/div>\n\t\t\t\t<section class=\"elementor-section elementor-inner-section elementor-element elementor-element-48fc1fa elementor-section-full_width elementor-section-height-default elementor-section-height-default\" data-id=\"48fc1fa\" data-element_type=\"section\" data-e-type=\"section\">\n\t\t\t\t\t\t<div class=\"elementor-container elementor-column-gap-default\">\n\t\t\t\t\t<div class=\"elementor-column elementor-col-100 elementor-inner-column elementor-element elementor-element-218954c\" data-id=\"218954c\" data-element_type=\"column\" data-e-type=\"column\">\n\t\t\t<div class=\"elementor-widget-wrap elementor-element-populated\">\n\t\t\t\t\t\t<div class=\"elementor-element elementor-element-f632729 envato-kit-138-bracket elementor-widget elementor-widget-heading\" data-id=\"f632729\" data-element_type=\"widget\" data-e-type=\"widget\" data-widget_type=\"heading.default\">\n\t\t\t\t<div class=\"elementor-widget-container\">\n\t\t\t\t\t<h3 class=\"elementor-heading-title elementor-size-default\">Chaque \u00e9tape ma\u00eetris\u00e9e. Chaque besoin anticip\u00e9<\/h3>\t\t\t\t<\/div>\n\t\t\t\t<\/div>\n\t\t\t\t<div class=\"elementor-element elementor-element-ad847af elementor-widget elementor-widget-heading\" data-id=\"ad847af\" data-element_type=\"widget\" data-e-type=\"widget\" data-widget_type=\"heading.default\">\n\t\t\t\t<div class=\"elementor-widget-container\">\n\t\t\t\t\t<h2 class=\"elementor-heading-title elementor-size-default\">Le Journal du Sourcing<\/h2>\t\t\t\t<\/div>\n\t\t\t\t<\/div>\n\t\t\t\t<div class=\"elementor-element elementor-element-d895230 elementor-widget-divider--separator-type-pattern elementor-widget-divider--no-spacing elementor-widget-divider--view-line elementor-widget elementor-widget-divider\" data-id=\"d895230\" data-element_type=\"widget\" data-e-type=\"widget\" data-widget_type=\"divider.default\">\n\t\t\t\t<div class=\"elementor-widget-container\">\n\t\t\t\t\t\t\t<div class=\"elementor-divider\" style=\"--divider-pattern-url: url(&quot;data:image\/svg+xml,%3Csvg xmlns=&#039;http:\/\/www.w3.org\/2000\/svg&#039; preserveAspectRatio=&#039;none&#039; overflow=&#039;visible&#039; height=&#039;100%&#039; viewBox=&#039;0 0 24 24&#039; fill=&#039;black&#039; stroke=&#039;none&#039;%3E%3Cpath d=&#039;M24,8v12H0V8H24z M24,4v1H0V4H24z&#039;\/%3E%3C\/svg%3E&quot;);\">\n\t\t\t<span class=\"elementor-divider-separator\">\n\t\t\t\t\t\t<\/span>\n\t\t<\/div>\n\t\t\t\t\t\t<\/div>\n\t\t\t\t<\/div>\n\t\t\t\t<div class=\"elementor-element elementor-element-9b47e5d elementor-widget elementor-widget-text-editor\" data-id=\"9b47e5d\" data-element_type=\"widget\" data-e-type=\"widget\" data-widget_type=\"text-editor.default\">\n\t\t\t\t<div class=\"elementor-widget-container\">\n\t\t\t\t\t\t\t\t\t<p>Conseils, tendances et strat\u00e9gies pour optimiser vos achats et votre cha\u00eene d&rsquo;approvisionnement.<\/p>\t\t\t\t\t\t\t\t<\/div>\n\t\t\t\t<\/div>\n\t\t\t\t\t<\/div>\n\t\t<\/div>\n\t\t\t\t\t<\/div>\n\t\t<\/section>\n\t\t<div class=\"elementor-element elementor-element-3b2bdef e-con-full e-flex e-con e-parent\" data-id=\"3b2bdef\" data-element_type=\"container\" data-e-type=\"container\">\n\t\t\t\t<div class=\"elementor-element elementor-element-a82566b elementor-widget elementor-widget-elementskit-blog-posts\" data-id=\"a82566b\" data-element_type=\"widget\" data-e-type=\"widget\" data-widget_type=\"elementskit-blog-posts.default\">\n\t\t\t\t<div class=\"elementor-widget-container\">\n\t\t\t\t\t<div class=\"ekit-wid-con\" >        <div id=\"post-items--a82566b\" class=\"row post-items\">\n                    <div class=\"col-lg-4 col-md-6\">\n\n                                    <div class=\"elementskit-post-image-card\">\n                        <div class=\"elementskit-entry-header\">\n                                                            <a href=\"https:\/\/akonzas.com\/en\/les-avantages-du-sourcing-international-pour-les-entreprises-marocaines\/\" class=\"elementskit-entry-thumb\">\n                                    <img decoding=\"async\" src=\"https:\/\/akonzas.com\/wp-content\/uploads\/2024\/03\/9ea39a5d-group-157.png\" alt=\"Les Avantages du Sourcing International\">\n                                <\/a><!-- .elementskit-entry-thumb END -->\n                                                                                                    <div class=\"elementskit-meta-lists elementskit-style-tag\">\n                                        <div class=\"elementskit-single-meta triangle_left\"><span class=\"elementskit-meta-wraper\"><strong>20<\/strong>Apr<\/span><\/div>\n                                    <\/div>\n                                                                                            \n                                                            <div class=\"elementskit-meta-categories\">\n                                    <span class=\"elementskit-meta-wraper\">\n                                        <span><a href=\"https:\/\/akonzas.com\/en\/category\/news\/\" rel=\"category tag\">news<\/a><\/span>\n                                    <\/span>\n                                <\/div>\n                            \n\t\t\t\t\t\t\t\t\t\t\t\t\t<\/div><!-- .elementskit-entry-header END -->\n\n\t\t\t\t\t\t<div class=\"elementskit-post-body \">\n\t\t\t\t\t\t\t\n\t\t\t\t\t\t\t\t\t\t\t\t\t\t\t\t\t\t\t\t\t\t\t\t\t\t\t\t\t\t\n\t\t\t\t\t\t\t\t\n\t\t\t\t\t\t\t\t\t\t\t\t\t\t\t\t\t\t\t\t\t<h2 class=\"entry-title\">\n\t\t\t\t\t<a href=\"https:\/\/akonzas.com\/en\/les-avantages-du-sourcing-international-pour-les-entreprises-marocaines\/\">\n\t\t\t\t\t\tLes Avantages du Sourcing International\t\t\t\t\t<\/a>\n\t\t\t\t<\/h2>\n\t\t\t\t\t\t\t\t\t\t\t\t\t\t\t\t\t\t\t\t\t\t\t\t\t\t\t\t\t\t\t\t\t\t\t\t\t\t\t\t\t\t<p>Le sourcing international offre un levier puissant de comp\u00e9titivit\u00e9 pour les entreprises marocaines. Acc\u00e9der \u00e0 des produits de qualit\u00e9 \u00e0 moindre co\u00fbt tout en b\u00e9n\u00e9ficiant d\u2019un accompagnement sur mesure, c\u2019est ce que propose AKONZAS \u00e0 ses clients. Pourquoi Choisir le Sourcing \u00e0 l\u2019International ? Les D\u00e9fis du Sourcing International Comment AKONZAS R\u00e9duit ces Risques AKONZAS [&hellip;]<\/p>\n\t\t\t\t\t\t\t\t\t\t\t\t\t\t\t\t\t\t\t\t\t\t                                                            <div class=\"btn-wraper\">\n                                    \n                                                                            <a class=\"elementskit-btn whitespace--normal\" id=\"\" href=\"https:\/\/akonzas.com\/en\/les-avantages-du-sourcing-international-pour-les-entreprises-marocaines\/\">\n                                        \t                                            Lire plus ...                                        <\/a>\n                                                                    <\/div>\n                                                    <\/div><!-- .elementskit-post-body END -->\n                    <\/div>\n                \n            <\/div>\n                    <div class=\"col-lg-4 col-md-6\">\n\n                                    <div class=\"elementskit-post-image-card\">\n                        <div class=\"elementskit-entry-header\">\n                                                            <a href=\"https:\/\/akonzas.com\/en\/le-processus-de-sourcing-chez-akonzas-transparence-qualite-et-performance\/\" class=\"elementskit-entry-thumb\">\n                                    <img decoding=\"async\" src=\"https:\/\/akonzas.com\/wp-content\/uploads\/2021\/07\/services-mission-image@2x.jpg\" alt=\"Le Processus de Sourcing chez AKONZAS\">\n                                <\/a><!-- .elementskit-entry-thumb END -->\n                                                                                                    <div class=\"elementskit-meta-lists elementskit-style-tag\">\n                                        <div class=\"elementskit-single-meta triangle_left\"><span class=\"elementskit-meta-wraper\"><strong>20<\/strong>Apr<\/span><\/div>\n                                    <\/div>\n                                                                                            \n                                                            <div class=\"elementskit-meta-categories\">\n                                    <span class=\"elementskit-meta-wraper\">\n                                        <span><a href=\"https:\/\/akonzas.com\/en\/category\/news\/\" rel=\"category tag\">news<\/a><\/span>\n                                    <\/span>\n                                <\/div>\n                            \n\t\t\t\t\t\t\t\t\t\t\t\t\t<\/div><!-- .elementskit-entry-header END -->\n\n\t\t\t\t\t\t<div class=\"elementskit-post-body \">\n\t\t\t\t\t\t\t\n\t\t\t\t\t\t\t\t\t\t\t\t\t\t\t\t\t\t\t\t\t\t\t\t\t\t\t\t\t\t\n\t\t\t\t\t\t\t\t\n\t\t\t\t\t\t\t\t\t\t\t\t\t\t\t\t\t\t\t\t\t<h2 class=\"entry-title\">\n\t\t\t\t\t<a href=\"https:\/\/akonzas.com\/en\/le-processus-de-sourcing-chez-akonzas-transparence-qualite-et-performance\/\">\n\t\t\t\t\t\tLe Processus de Sourcing chez AKONZAS\t\t\t\t\t<\/a>\n\t\t\t\t<\/h2>\n\t\t\t\t\t\t\t\t\t\t\t\t\t\t\t\t\t\t\t\t\t\t\t\t\t\t\t\t\t\t\t\t\t\t\t\t\t\t\t\t\t\t<p>Chez AKONZAS, le sourcing n\u2019est pas qu\u2019une simple recherche de fournisseurs. C\u2019est un processus rigoureux, structur\u00e9 et orient\u00e9 vers la satisfaction totale du client. D\u00e9couvrez comment nous assurons des approvisionnements fiables, performants et de qualit\u00e9. \u00c9tapes Cl\u00e9s du Processus de Sourcing AKONZAS Des Outils Modernes pour une Gestion Efficace Nous utilisons des outils digitaux pour [&hellip;]<\/p>\n\t\t\t\t\t\t\t\t\t\t\t\t\t\t\t\t\t\t\t\t\t\t                                                            <div class=\"btn-wraper\">\n                                    \n                                                                            <a class=\"elementskit-btn whitespace--normal\" id=\"\" href=\"https:\/\/akonzas.com\/en\/le-processus-de-sourcing-chez-akonzas-transparence-qualite-et-performance\/\">\n                                        \t                                            Lire plus ...                                        <\/a>\n                                                                    <\/div>\n                                                    <\/div><!-- .elementskit-post-body END -->\n                    <\/div>\n                \n            <\/div>\n                    <div class=\"col-lg-4 col-md-6\">\n\n                                    <div class=\"elementskit-post-image-card\">\n                        <div class=\"elementskit-entry-header\">\n                                                            <a href=\"https:\/\/akonzas.com\/en\/quest-ce-que-le-sourcing-comprendre-les-bases-pour-reussir-vos-approvisionnements\/\" class=\"elementskit-entry-thumb\">\n                                    <img decoding=\"async\" src=\"https:\/\/akonzas.com\/wp-content\/uploads\/2024\/03\/652e9585-group-122.png\" alt=\"Qu\u2019est-ce que le Sourcing ?\">\n                                <\/a><!-- .elementskit-entry-thumb END -->\n                                                                                                    <div class=\"elementskit-meta-lists elementskit-style-tag\">\n                                        <div class=\"elementskit-single-meta triangle_left\"><span class=\"elementskit-meta-wraper\"><strong>20<\/strong>Apr<\/span><\/div>\n                                    <\/div>\n                                                                                            \n                                                            <div class=\"elementskit-meta-categories\">\n                                    <span class=\"elementskit-meta-wraper\">\n                                        <span><a href=\"https:\/\/akonzas.com\/en\/category\/news\/\" rel=\"category tag\">news<\/a><\/span>\n                                    <\/span>\n                                <\/div>\n                            \n\t\t\t\t\t\t\t\t\t\t\t\t\t<\/div><!-- .elementskit-entry-header END -->\n\n\t\t\t\t\t\t<div class=\"elementskit-post-body \">\n\t\t\t\t\t\t\t\n\t\t\t\t\t\t\t\t\t\t\t\t\t\t\t\t\t\t\t\t\t\t\t\t\t\t\t\t\t\t\n\t\t\t\t\t\t\t\t\n\t\t\t\t\t\t\t\t\t\t\t\t\t\t\t\t\t\t\t\t\t<h2 class=\"entry-title\">\n\t\t\t\t\t<a href=\"https:\/\/akonzas.com\/en\/quest-ce-que-le-sourcing-comprendre-les-bases-pour-reussir-vos-approvisionnements\/\">\n\t\t\t\t\t\tQu\u2019est-ce que le Sourcing ?\t\t\t\t\t<\/a>\n\t\t\t\t<\/h2>\n\t\t\t\t\t\t\t\t\t\t\t\t\t\t\t\t\t\t\t\t\t\t\t\t\t\t\t\t\t\t\t\t\t\t\t\t\t\t\t\t\t\t<p>Dans un monde de plus en plus globalis\u00e9, le sourcing est devenu un pilier strat\u00e9gique pour les entreprises souhaitant ma\u00eetriser leurs co\u00fbts tout en garantissant la qualit\u00e9 de leurs produits. Mais qu\u2019est-ce que le sourcing exactement ? Et pourquoi est-il si crucial pour la r\u00e9ussite de votre activit\u00e9 ? D\u00e9finition du Sourcing Le sourcing, ou [&hellip;]<\/p>\n\t\t\t\t\t\t\t\t\t\t\t\t\t\t\t\t\t\t\t\t\t\t                                                            <div class=\"btn-wraper\">\n                                    \n                                                                            <a class=\"elementskit-btn whitespace--normal\" id=\"\" href=\"https:\/\/akonzas.com\/en\/quest-ce-que-le-sourcing-comprendre-les-bases-pour-reussir-vos-approvisionnements\/\">\n                                        \t                                            Lire plus ...                                        <\/a>\n                                                                    <\/div>\n                                                    <\/div><!-- .elementskit-post-body END -->\n                    <\/div>\n                \n            <\/div>\n                <\/div>\n       <\/div>\t\t\t\t<\/div>\n\t\t\t\t<\/div>\n\t\t\t\t<\/div>\n\t\t\t\t<\/div>\n\t\t","protected":false},"excerpt":{"rendered":"<p>Blog Un accompagnement complet, du sourcing \u00e0 la livraison Chaque \u00e9tape ma\u00eetris\u00e9e. Chaque besoin anticip\u00e9 Le Journal du Sourcing Conseils, tendances et strat\u00e9gies pour optimiser vos achats et votre cha\u00eene d&rsquo;approvisionnement. 20Apr news Les Avantages du Sourcing International Le sourcing international offre un levier puissant de comp\u00e9titivit\u00e9 pour les entreprises marocaines. Acc\u00e9der \u00e0 des produits [&hellip;]<\/p>\n","protected":false},"author":1,"featured_media":0,"parent":0,"menu_order":0,"comment_status":"closed","ping_status":"closed","template":"elementor_header_footer","meta":{"footnotes":""},"class_list":["post-1884","page","type-page","status-publish","hentry"],"blocksy_meta":[],"aioseo_notices":[],"_links":{"self":[{"href":"https:\/\/akonzas.com\/en\/wp-json\/wp\/v2\/pages\/1884","targetHints":{"allow":["GET"]}}],"collection":[{"href":"https:\/\/akonzas.com\/en\/wp-json\/wp\/v2\/pages"}],"about":[{"href":"https:\/\/akonzas.com\/en\/wp-json\/wp\/v2\/types\/page"}],"author":[{"embeddable":true,"href":"https:\/\/akonzas.com\/en\/wp-json\/wp\/v2\/users\/1"}],"replies":[{"embeddable":true,"href":"https:\/\/akonzas.com\/en\/wp-json\/wp\/v2\/comments?post=1884"}],"version-history":[{"count":7,"href":"https:\/\/akonzas.com\/en\/wp-json\/wp\/v2\/pages\/1884\/revisions"}],"predecessor-version":[{"id":2233,"href":"https:\/\/akonzas.com\/en\/wp-json\/wp\/v2\/pages\/1884\/revisions\/2233"}],"wp:attachment":[{"href":"https:\/\/akonzas.com\/en\/wp-json\/wp\/v2\/media?parent=1884"}],"curies":[{"name":"wp","href":"https:\/\/api.w.org\/{rel}","templated":true}]}}